{"id":14,"date":"2024-11-13T23:31:38","date_gmt":"2024-11-13T20:31:38","guid":{"rendered":"https:\/\/aysek.org\/?page_id=14"},"modified":"2025-05-23T11:09:16","modified_gmt":"2025-05-23T08:09:16","slug":"ana-sayfa","status":"publish","type":"page","link":"https:\/\/aysek.org\/en\/","title":{"rendered":"Home"},"content":{"rendered":"<p>[et_pb_section fb_built=&#8221;1&#8243; fullwidth=&#8221;on&#8221; _builder_version=&#8221;4.17.4&#8243; _module_preset=&#8221;default&#8221; global_colors_info=&#8221;{}&#8221;][et_pb_fullwidth_image src=&#8221;https:\/\/aysek.org\/wp-content\/uploads\/2025\/02\/Banner2.jpg&#8221; title_text=&#8221;Banner2&#8243; _builder_version=&#8221;4.17.4&#8243; _module_preset=&#8221;default&#8221; global_colors_info=&#8221;{}&#8221;][\/et_pb_fullwidth_image][\/et_pb_section][et_pb_section fb_built=&#8221;1&#8243; custom_padding_last_edited=&#8221;on|phone&#8221; _builder_version=&#8221;4.17.4&#8243; _module_preset=&#8221;default&#8221; background_color=&#8221;RGBA(255,255,255,0)&#8221; position_origin_a=&#8221;center_center&#8221; horizontal_offset=&#8221;0px&#8221; z_index=&#8221;500&#8243; position_origin_a_tablet=&#8221;center_center&#8221; position_origin_a_phone=&#8221;center_center&#8221; position_origin_a_last_edited=&#8221;on|desktop&#8221; position_origin_f_tablet=&#8221;&#8221; position_origin_f_phone=&#8221;&#8221; position_origin_f_last_edited=&#8221;on|desktop&#8221; position_origin_r_tablet=&#8221;&#8221; position_origin_r_phone=&#8221;top_left&#8221; position_origin_r_last_edited=&#8221;on|desktop&#8221; custom_margin=&#8221;-200px||||false|false&#8221; custom_margin_tablet=&#8221;-200px||||false|false&#8221; custom_margin_phone=&#8221;-68px||||false|false&#8221; custom_margin_last_edited=&#8221;on|phone&#8221; custom_padding=&#8221;0px||32px||false|false&#8221; custom_padding_tablet=&#8221;0px||32px||false|false&#8221; custom_padding_phone=&#8221;||0px||false|false&#8221; positioning_tablet=&#8221;&#8221; positioning_phone=&#8221;relative&#8221; positioning_last_edited=&#8221;on|phone&#8221; global_colors_info=&#8221;{}&#8221;][et_pb_row _builder_version=&#8221;4.17.4&#8243; _module_preset=&#8221;default&#8221; width=&#8221;72%&#8221; module_alignment=&#8221;left&#8221; global_colors_info=&#8221;{}&#8221;][et_pb_column type=&#8221;4_4&#8243; _builder_version=&#8221;4.17.4&#8243; _module_preset=&#8221;default&#8221; global_colors_info=&#8221;{}&#8221;][et_pb_countdown_timer date_time=&#8221;2025-05-28 08:00&#8243; _builder_version=&#8221;4.17.4&#8243; _module_preset=&#8221;default&#8221; numbers_font_size=&#8221;32px&#8221; numbers_line_height=&#8221;31px&#8221; separator_font_size=&#8221;30px&#8221; label_font_size=&#8221;9px&#8221; label_line_height=&#8221;11px&#8221; background_color=&#8221;RGBA(255,255,255,0)&#8221; custom_padding=&#8221;52px|||||&#8221; custom_padding_tablet=&#8221;52px|||||&#8221; custom_padding_phone=&#8221;||||false|false&#8221; custom_padding_last_edited=&#8221;on|phone&#8221; hover_enabled=&#8221;0&#8243; numbers_text_color_tablet=&#8221;&#8221; numbers_text_color_phone=&#8221;#000000&#8243; numbers_text_color_last_edited=&#8221;on|phone&#8221; numbers_font_size_tablet=&#8221;32px&#8221; numbers_font_size_phone=&#8221;22px&#8221; numbers_font_size_last_edited=&#8221;on|phone&#8221; label_text_color_tablet=&#8221;&#8221; label_text_color_phone=&#8221;#000000&#8243; label_text_color_last_edited=&#8221;on|phone&#8221; numbers_text_shadow_style=&#8221;preset3&#8243; numbers_text_shadow_color=&#8221;rgba(0,0,0,0.9)&#8221; label_text_shadow_style=&#8221;preset3&#8243; label_text_shadow_color=&#8221;rgba(0,0,0,0.9)&#8221; global_colors_info=&#8221;{}&#8221; sticky_enabled=&#8221;0&#8243;][\/et_pb_countdown_timer][\/et_pb_column][\/et_pb_row][\/et_pb_section][et_pb_section fb_built=&#8221;1&#8243; _builder_version=&#8221;4.17.4&#8243; _module_preset=&#8221;default&#8221; vertical_offset_tablet=&#8221;&#8221; vertical_offset_phone=&#8221;&#8221; vertical_offset_last_edited=&#8221;on|phone&#8221; custom_padding=&#8221;22px|||||&#8221; global_colors_info=&#8221;{}&#8221;][et_pb_row _builder_version=&#8221;4.17.4&#8243; _module_preset=&#8221;default&#8221; global_colors_info=&#8221;{}&#8221;][et_pb_column type=&#8221;4_4&#8243; _builder_version=&#8221;4.17.4&#8243; _module_preset=&#8221;default&#8221; global_colors_info=&#8221;{}&#8221;][et_pb_text _builder_version=&#8221;4.17.4&#8243; _module_preset=&#8221;default&#8221; global_colors_info=&#8221;{}&#8221;]<\/p>\n<p style=\"text-align: justify;\"><strong>DAVET<\/strong><\/p>\n<p style=\"text-align: justify;\">De\u011ferli Meslekta\u015flar\u0131m\u0131z,\u00a0<\/p>\n<p style=\"text-align: justify;\">Klinik Mikrobiyoloji Uzmanl\u0131k Derne\u011fimizin (KL\u0130MUD) Antimikrobiyal Y\u00f6netim ve Sa\u011fl\u0131k Hizmeti\u00a0\u00a0 \u0130li\u015fkili\u00a0\u00a0 Enfeksiyonlar\u0131n\u00a0\u00a0 Kontrol\u00fc\u00a0\u00a0 \u00c7al\u0131\u015fma\u00a0\u00a0 Grubu\u00a0\u00a0 (AYSEK\u00a0\u00a0 \u00c7G) ve Avrupa Klinik Mikrobiyoloji ve Enfeksiyon Hastal\u0131klar\u0131 Derne\u011fi (ESCMID) Antimikrobiyal Y\u00f6netim \u00c7al\u0131\u015fma Grubu (ESGAP) i\u015f birli\u011fiyle 28-30 May\u0131s 2025 tarihleri aras\u0131nda Gaziantep\u2019te ilk kez d\u00fczenleyece\u011fimiz I. Antimikrobiyal Y\u00f6netim Sempozyumu &amp; Sa\u011fl\u0131k Hizmeti \u0130li\u015fkili Enfeksiyonlar\u0131n \u00d6nlenmesi ve Kontrol\u00fc\u00a0 \u00c7al\u0131\u015ftay\u0131\u2019na sizleri davet etmenin heyecan\u0131 i\u00e7erisindeyiz.<\/p>\n<p style=\"text-align: justify;\">\u00dclkemizden ve d\u00fcnya \u00e7ap\u0131nda kendi alanlar\u0131nda uzman mikrobiyologlar, eczac\u0131lar ve klinisyenler ile i\u015f birli\u011fi i\u00e7inde d\u00fczenlenecek olan I. Antimikrobiyal Y\u00f6netim Sempozyumu ve Sa\u011fl\u0131k Hizmeti \u0130li\u015fkili Enfeksiyonlar\u0131n \u00d6nlenmesi ve Kontrol\u00fc \u00c7al\u0131\u015ftay\u0131, hastane ve toplum ortamlar\u0131nda enfeksiyon kontrol\u00fc ve antimikrobiyal y\u00f6netim konusunda kapsaml\u0131 bir anlay\u0131\u015f sa\u011flamay\u0131 ama\u00e7lamaktad\u0131r. <\/p>\n<p style=\"text-align: justify;\">\n<p style=\"text-align: justify;\">\n<p style=\"text-align: justify;\">[\/et_pb_text][et_pb_button button_url=&#8221;\/davet&#8221; button_text=&#8221;Devam\u0131..&#8221; button_alignment=&#8221;right&#8221; _builder_version=&#8221;4.17.4&#8243; _module_preset=&#8221;default&#8221; custom_button=&#8221;on&#8221; button_text_size=&#8221;12px&#8221; button_text_color=&#8221;#8300E9&#8243; button_border_width=&#8221;1px&#8221; button_border_color=&#8221;#8300E9&#8243; global_colors_info=&#8221;{}&#8221;][\/et_pb_button][\/et_pb_column][\/et_pb_row][\/et_pb_section]<\/p>\n","protected":false},"excerpt":{"rendered":"<p>DAVET De\u011ferli Meslekta\u015flar\u0131m\u0131z,\u00a0 Klinik Mikrobiyoloji Uzmanl\u0131k Derne\u011fimizin (KL\u0130MUD) Antimikrobiyal Y\u00f6netim ve Sa\u011fl\u0131k Hizmeti\u00a0\u00a0 \u0130li\u015fkili\u00a0\u00a0 Enfeksiyonlar\u0131n\u00a0\u00a0 Kontrol\u00fc\u00a0\u00a0 \u00c7al\u0131\u015fma\u00a0\u00a0 Grubu\u00a0\u00a0 (AYSEK\u00a0\u00a0 \u00c7G) ve Avrupa Klinik Mikrobiyoloji ve Enfeksiyon Hastal\u0131klar\u0131 Derne\u011fi (ESCMID) Antimikrobiyal Y\u00f6netim \u00c7al\u0131\u015fma Grubu (ESGAP) i\u015f birli\u011fiyle 28-30 May\u0131s 2025 tarihleri aras\u0131nda Gaziantep\u2019te ilk kez d\u00fczenleyece\u011fimiz I. Antimikrobiyal Y\u00f6netim Sempozyumu &amp; Sa\u011fl\u0131k Hizmeti \u0130li\u015fkili Enfeksiyonlar\u0131n \u00d6nlenmesi [&hellip;]<\/p>\n","protected":false},"author":1,"featured_media":0,"parent":0,"menu_order":0,"comment_status":"closed","ping_status":"closed","template":"","meta":{"_et_pb_use_builder":"on","_et_pb_old_content":"","_et_gb_content_width":"","footnotes":""},"class_list":["post-14","page","type-page","status-publish","hentry"],"_links":{"self":[{"href":"https:\/\/aysek.org\/en\/wp-json\/wp\/v2\/pages\/14","targetHints":{"allow":["GET"]}}],"collection":[{"href":"https:\/\/aysek.org\/en\/wp-json\/wp\/v2\/pages"}],"about":[{"href":"https:\/\/aysek.org\/en\/wp-json\/wp\/v2\/types\/page"}],"author":[{"embeddable":true,"href":"https:\/\/aysek.org\/en\/wp-json\/wp\/v2\/users\/1"}],"replies":[{"embeddable":true,"href":"https:\/\/aysek.org\/en\/wp-json\/wp\/v2\/comments?post=14"}],"version-history":[{"count":18,"href":"https:\/\/aysek.org\/en\/wp-json\/wp\/v2\/pages\/14\/revisions"}],"predecessor-version":[{"id":206,"href":"https:\/\/aysek.org\/en\/wp-json\/wp\/v2\/pages\/14\/revisions\/206"}],"wp:attachment":[{"href":"https:\/\/aysek.org\/en\/wp-json\/wp\/v2\/media?parent=14"}],"curies":[{"name":"wp","href":"https:\/\/api.w.org\/{rel}","templated":true}]}}