{"id":50,"date":"2024-11-14T17:44:56","date_gmt":"2024-11-14T14:44:56","guid":{"rendered":"https:\/\/aysek.org\/?page_id=50"},"modified":"2025-02-10T15:20:54","modified_gmt":"2025-02-10T12:20:54","slug":"davet","status":"publish","type":"page","link":"https:\/\/aysek.org\/en\/davet\/","title":{"rendered":"Invitation"},"content":{"rendered":"<p>[et_pb_section fb_built=&#8221;1&#8243; fullwidth=&#8221;on&#8221; _builder_version=&#8221;4.17.4&#8243; _module_preset=&#8221;default&#8221; global_colors_info=&#8221;{}&#8221;][et_pb_fullwidth_post_title meta=&#8221;off&#8221; featured_image=&#8221;off&#8221; _builder_version=&#8221;4.17.4&#8243; _module_preset=&#8221;default&#8221; title_font=&#8221;|600|||||||&#8221; title_text_color=&#8221;#FFFFFF&#8221; background_color=&#8221;#8300E9&#8243; custom_margin=&#8221;||||false|false&#8221; custom_padding=&#8221;170px||30px||false|false&#8221; global_colors_info=&#8221;{}&#8221;][\/et_pb_fullwidth_post_title][\/et_pb_section][et_pb_section fb_built=&#8221;1&#8243; _builder_version=&#8221;4.17.4&#8243; _module_preset=&#8221;default&#8221; custom_padding=&#8221;30px|||||&#8221; global_colors_info=&#8221;{}&#8221;][et_pb_row _builder_version=&#8221;4.17.4&#8243; _module_preset=&#8221;default&#8221; global_colors_info=&#8221;{}&#8221;][et_pb_column type=&#8221;4_4&#8243; _builder_version=&#8221;4.17.4&#8243; _module_preset=&#8221;default&#8221; global_colors_info=&#8221;{}&#8221;][et_pb_text _builder_version=&#8221;4.17.4&#8243; _module_preset=&#8221;default&#8221; hover_enabled=&#8221;0&#8243; global_colors_info=&#8221;{}&#8221; sticky_enabled=&#8221;0&#8243;]<\/p>\n<p>De\u011ferli Meslekta\u015flar\u0131m\u0131z,<\/p>\n<p>Klinik Mikrobiyoloji Uzmanl\u0131k Derne\u011fimizin (KL\u0130MUD) Antimikrobiyal Y\u00f6netim ve Sa\u011fl\u0131k Hizmeti\u00a0\u00a0 \u0130li\u015fkili\u00a0\u00a0 Enfeksiyonlar\u0131n\u00a0\u00a0 Kontrol\u00fc\u00a0\u00a0 \u00c7al\u0131\u015fma\u00a0\u00a0 Grubu\u00a0\u00a0 (AYSEK\u00a0\u00a0 \u00c7G) ve Avrupa Klinik Mikrobiyoloji ve Enfeksiyon Hastal\u0131klar\u0131 Derne\u011fi (ESCMID) Antimikrobiyal Y\u00f6netim \u00c7al\u0131\u015fma Grubu (ESGAP) i\u015f birli\u011fiyle 28-30 May\u0131s 2025 tarihleri aras\u0131nda Gaziantep\u2019te ilk kez d\u00fczenleyece\u011fimiz I. Antimikrobiyal Y\u00f6netim Sempozyumu &amp; Sa\u011fl\u0131k Hizmeti \u0130li\u015fkili Enfeksiyonlar\u0131n \u00d6nlenmesi ve Kontrol\u00fc\u00a0 \u00c7al\u0131\u015ftay\u0131\u2019na sizleri davet etmenin heyecan\u0131 i\u00e7erisindeyiz.<\/p>\n<p>\u00dclkemizden ve d\u00fcnya \u00e7ap\u0131nda kendi alanlar\u0131nda uzman mikrobiyologlar, eczac\u0131lar ve klinisyenler ile i\u015f birli\u011fi i\u00e7inde d\u00fczenlenecek olan I. Antimikrobiyal Y\u00f6netim Sempozyumu ve Sa\u011fl\u0131k Hizmeti \u0130li\u015fkili Enfeksiyonlar\u0131n \u00d6nlenmesi ve Kontrol\u00fc \u00c7al\u0131\u015ftay\u0131, hastane ve toplum ortamlar\u0131nda enfeksiyon kontrol\u00fc ve antimikrobiyal y\u00f6netim konusunda kapsaml\u0131 bir anlay\u0131\u015f sa\u011flamay\u0131 ama\u00e7lamaktad\u0131r.<\/p>\n<p>\u00dc\u00e7 g\u00fcn s\u00fcrecek sempozyum ve \u00e7al\u0131\u015ftayda, \u00a0antimikrobiyal y\u00f6netim ve sa\u011fl\u0131k hizmeti ili\u015fkili enfeksiyonlar\u0131n kontrol\u00fcnde\u00a0 geleneksel\u00a0\u00a0 ve\u00a0\u00a0 h\u0131zl\u0131\u00a0\u00a0 tan\u0131\u00a0\u00a0 y\u00f6ntemleri,\u00a0 \u00a0eczac\u0131lar\u0131n\u00a0\u00a0 rol\u00fc,\u00a0\u00a0 molek\u00fcler\u00a0\u00a0 epidemiyoloji,\u00a0\u00a0 antimikrobiyal \u00a0y\u00f6netimin yasal boyutlar\u0131 ve enfeksiyon kontrol stratejileri konular\u0131nda uzmanlar taraf\u0131ndan sunumlar yap\u0131lacakt\u0131r. Vaka sunumlar\u0131 gibi interaktif b\u00f6l\u00fcmler, teorik bilgiyi tamamlayacakt\u0131r. Bu sempozyum\u00a0 ve\u00a0\u00a0 \u00e7al\u0131\u015ftay,\u00a0\u00a0 kat\u0131l\u0131mc\u0131lar\u0131n\u00a0\u00a0 etkin\u00a0\u00a0 antimikrobiyal\u00a0\u00a0 y\u00f6netim\u00a0\u00a0 programlar\u0131n\u0131\u00a0\u00a0 uygulama\u00a0\u00a0 becerilerini\u00a0 geli\u015ftirmeyi\u00a0\u00a0 ve\u00a0\u00a0 g\u00fcncel\u00a0\u00a0 tan\u0131mlama\u00a0\u00a0 y\u00f6ntemleri\u00a0\u00a0 ile\u00a0\u00a0 enfeksiyon\u00a0\u00a0 kontrol\u00a0\u00a0 uygulamalar\u0131ndaki\u00a0\u00a0 en\u00a0\u00a0 son geli\u015fmeleri anlamalar\u0131n\u0131 sa\u011flamay\u0131 hedeflemektedir.<\/p>\n<p>Bilimsel a\u00e7\u0131dan dolu dolu ge\u00e7ece\u011fine inand\u0131\u011f\u0131m\u0131z programdan arta kalan zamanlarda da Mezopotamya ve Akdeniz\u2019in kesi\u015fme noktas\u0131nda bulunan kadim \u015fehrimiz Gaziantep\u2019te \u201cGastronomiden arkeolojiye: Gastroarkeoloji turlar\u0131m\u0131z\u201dla nefes al\u0131p keyifli anlar, an\u0131lar, dostluklar edinece\u011fiz.<\/p>\n<p>Sizlerin kat\u0131l\u0131m\u0131yla hayat bulacak sempozyumumuza deste\u011finiz i\u00e7in \u015fimdiden te\u015fekk\u00fcr ediyor, mevsimlerden baharda rengarenk Gaziantep\u2019te bulu\u015fmay\u0131 diliyoruz.<\/p>\n<p>Sayg\u0131lar\u0131m\u0131zla,<\/p>\n<p><strong>Do\u00e7. Dr. Osman Sezer C\u0130R\u0130T<\/strong><br \/><strong>Sempozyum &amp; \u00c7al\u0131\u015ftay D\u00fczenleme Kurulu ad\u0131na<\/strong><\/p>\n<p>&nbsp;<\/p>\n<p>[\/et_pb_text][\/et_pb_column][\/et_pb_row][\/et_pb_section]<\/p>\n","protected":false},"excerpt":{"rendered":"<p>De\u011ferli Meslekta\u015flar\u0131m\u0131z, Klinik Mikrobiyoloji Uzmanl\u0131k Derne\u011fimizin (KL\u0130MUD) Antimikrobiyal Y\u00f6netim ve Sa\u011fl\u0131k Hizmeti\u00a0\u00a0 \u0130li\u015fkili\u00a0\u00a0 Enfeksiyonlar\u0131n\u00a0\u00a0 Kontrol\u00fc\u00a0\u00a0 \u00c7al\u0131\u015fma\u00a0\u00a0 Grubu\u00a0\u00a0 (AYSEK\u00a0\u00a0 \u00c7G) ve Avrupa Klinik Mikrobiyoloji ve Enfeksiyon Hastal\u0131klar\u0131 Derne\u011fi (ESCMID) Antimikrobiyal Y\u00f6netim \u00c7al\u0131\u015fma Grubu (ESGAP) i\u015f birli\u011fiyle 28-30 May\u0131s 2025 tarihleri aras\u0131nda Gaziantep\u2019te ilk kez d\u00fczenleyece\u011fimiz I. Antimikrobiyal Y\u00f6netim Sempozyumu &amp; Sa\u011fl\u0131k Hizmeti \u0130li\u015fkili Enfeksiyonlar\u0131n \u00d6nlenmesi ve [&hellip;]<\/p>\n","protected":false},"author":1,"featured_media":0,"parent":0,"menu_order":0,"comment_status":"closed","ping_status":"closed","template":"","meta":{"_et_pb_use_builder":"on","_et_pb_old_content":"","_et_gb_content_width":"","footnotes":""},"class_list":["post-50","page","type-page","status-publish","hentry"],"_links":{"self":[{"href":"https:\/\/aysek.org\/en\/wp-json\/wp\/v2\/pages\/50","targetHints":{"allow":["GET"]}}],"collection":[{"href":"https:\/\/aysek.org\/en\/wp-json\/wp\/v2\/pages"}],"about":[{"href":"https:\/\/aysek.org\/en\/wp-json\/wp\/v2\/types\/page"}],"author":[{"embeddable":true,"href":"https:\/\/aysek.org\/en\/wp-json\/wp\/v2\/users\/1"}],"replies":[{"embeddable":true,"href":"https:\/\/aysek.org\/en\/wp-json\/wp\/v2\/comments?post=50"}],"version-history":[{"count":7,"href":"https:\/\/aysek.org\/en\/wp-json\/wp\/v2\/pages\/50\/revisions"}],"predecessor-version":[{"id":153,"href":"https:\/\/aysek.org\/en\/wp-json\/wp\/v2\/pages\/50\/revisions\/153"}],"wp:attachment":[{"href":"https:\/\/aysek.org\/en\/wp-json\/wp\/v2\/media?parent=50"}],"curies":[{"name":"wp","href":"https:\/\/api.w.org\/{rel}","templated":true}]}}