{"id":55,"date":"2024-11-14T17:47:46","date_gmt":"2024-11-14T14:47:46","guid":{"rendered":"https:\/\/aysek.org\/?page_id=55"},"modified":"2025-05-24T22:58:57","modified_gmt":"2025-05-24T19:58:57","slug":"kurullar","status":"publish","type":"page","link":"https:\/\/aysek.org\/en\/kurullar\/","title":{"rendered":"Committees"},"content":{"rendered":"<p>[et_pb_section fb_built=&#8221;1&#8243; fullwidth=&#8221;on&#8221; _builder_version=&#8221;4.17.4&#8243; _module_preset=&#8221;default&#8221; global_colors_info=&#8221;{}&#8221;][et_pb_fullwidth_post_title meta=&#8221;off&#8221; featured_image=&#8221;off&#8221; _builder_version=&#8221;4.17.4&#8243; _module_preset=&#8221;default&#8221; title_font=&#8221;|600|||||||&#8221; title_text_color=&#8221;#FFFFFF&#8221; background_color=&#8221;#8300E9&#8243; custom_margin=&#8221;||||false|false&#8221; custom_padding=&#8221;170px||30px||false|false&#8221; global_colors_info=&#8221;{}&#8221;][\/et_pb_fullwidth_post_title][\/et_pb_section][et_pb_section fb_built=&#8221;1&#8243; _builder_version=&#8221;4.17.4&#8243; _module_preset=&#8221;default&#8221; custom_padding=&#8221;30px|||||&#8221; global_colors_info=&#8221;{}&#8221;][et_pb_row _builder_version=&#8221;4.17.4&#8243; _module_preset=&#8221;default&#8221; global_colors_info=&#8221;{}&#8221;][et_pb_column type=&#8221;4_4&#8243; _builder_version=&#8221;4.17.4&#8243; _module_preset=&#8221;default&#8221; global_colors_info=&#8221;{}&#8221;][et_pb_text _builder_version=&#8221;4.17.4&#8243; _module_preset=&#8221;default&#8221; global_colors_info=&#8221;{}&#8221;]<\/p>\n<h3><strong>D\u00dcZENLEME KURULU<\/strong><\/h3>\n<p><strong>Sempozyum Ba\u015fkanlar\u0131<\/strong><br \/>Dr. Osman Sezer C\u0130R\u0130T<br \/>Dr. Yeliz TANRIVERD\u0130 \u00c7AYCI<\/p>\n<p><strong>Sempozyum Sekreteri<\/strong><br \/>Dr. \u0130lke TOKER \u00d6NDER<\/p>\n<p><strong>Sempozyum D\u00fczenleme Kurulu <\/strong><br \/>Dr. Bojana BEOVIC<br \/>Dr. Emre KARA<br \/>Dr. \u0130lvana \u00c7AKLOV\u0130CA K\u00dc\u00c7\u00dcKKAYA<br \/>Dr. \u0130pek Ko\u00e7er <br \/>Dr. Jeroen SCHOUTEN<br \/>Dr. Muammer \u00c7EL\u0130K<br \/>Dr. Onur KARATUNA<br \/>Dr. Tuba M\u00dcDERR\u0130S<br \/>Dr. Ye\u015fim BE\u015eL\u0130<\/p>\n<p><strong>Bilimsel Kurul<\/strong><br \/>Dr. Ali Korhan SI\u011e<br \/>Dr. Ay\u015fe Nur SARI KAYGISIZ<br \/>Dr. Elif AKTA\u015e SEPET\u00c7\u0130<br \/>Dr. Emre KARA<br \/>Dr. Onur KARATUNA<br \/>Dr. Osman Sezer C\u0130R\u0130T<br \/>Dr. P\u0131nar SA\u011eIRO\u011eLU<br \/>Dr. Tuba M\u00dcDERR\u0130S<br \/>Dr. Yeliz TANRIVERD\u0130 \u00c7AYCI<br \/>Dr. Zeynep G\u00dcLAY<\/p>\n<p>[\/et_pb_text][\/et_pb_column][\/et_pb_row][\/et_pb_section]<\/p>\n","protected":false},"excerpt":{"rendered":"<p>D\u00dcZENLEME KURULU Sempozyum Ba\u015fkanlar\u0131Dr. Osman Sezer C\u0130R\u0130TDr. Yeliz TANRIVERD\u0130 \u00c7AYCI Sempozyum SekreteriDr. \u0130lke TOKER \u00d6NDER Sempozyum D\u00fczenleme Kurulu Dr. Bojana BEOVICDr. Emre KARADr. \u0130lvana \u00c7AKLOV\u0130CA K\u00dc\u00c7\u00dcKKAYADr. \u0130pek Ko\u00e7er Dr. Jeroen SCHOUTENDr. Muammer \u00c7EL\u0130KDr. Onur KARATUNADr. Tuba M\u00dcDERR\u0130SDr. Ye\u015fim BE\u015eL\u0130 Bilimsel KurulDr. Ali Korhan SI\u011eDr. Ay\u015fe Nur SARI KAYGISIZDr. Elif AKTA\u015e SEPET\u00c7\u0130Dr. Emre KARADr. Onur KARATUNADr. [&hellip;]<\/p>\n","protected":false},"author":1,"featured_media":0,"parent":0,"menu_order":0,"comment_status":"closed","ping_status":"closed","template":"","meta":{"_et_pb_use_builder":"on","_et_pb_old_content":"","_et_gb_content_width":"","footnotes":""},"class_list":["post-55","page","type-page","status-publish","hentry"],"_links":{"self":[{"href":"https:\/\/aysek.org\/en\/wp-json\/wp\/v2\/pages\/55","targetHints":{"allow":["GET"]}}],"collection":[{"href":"https:\/\/aysek.org\/en\/wp-json\/wp\/v2\/pages"}],"about":[{"href":"https:\/\/aysek.org\/en\/wp-json\/wp\/v2\/types\/page"}],"author":[{"embeddable":true,"href":"https:\/\/aysek.org\/en\/wp-json\/wp\/v2\/users\/1"}],"replies":[{"embeddable":true,"href":"https:\/\/aysek.org\/en\/wp-json\/wp\/v2\/comments?post=55"}],"version-history":[{"count":6,"href":"https:\/\/aysek.org\/en\/wp-json\/wp\/v2\/pages\/55\/revisions"}],"predecessor-version":[{"id":207,"href":"https:\/\/aysek.org\/en\/wp-json\/wp\/v2\/pages\/55\/revisions\/207"}],"wp:attachment":[{"href":"https:\/\/aysek.org\/en\/wp-json\/wp\/v2\/media?parent=55"}],"curies":[{"name":"wp","href":"https:\/\/api.w.org\/{rel}","templated":true}]}}