{"id":59,"date":"2024-11-14T17:48:23","date_gmt":"2024-11-14T14:48:23","guid":{"rendered":"https:\/\/aysek.org\/?page_id=59"},"modified":"2025-03-06T14:41:36","modified_gmt":"2025-03-06T11:41:36","slug":"kayit","status":"publish","type":"page","link":"https:\/\/aysek.org\/en\/kayit\/","title":{"rendered":"Registration"},"content":{"rendered":"<p>[et_pb_section fb_built=&#8221;1&#8243; fullwidth=&#8221;on&#8221; _builder_version=&#8221;4.17.4&#8243; _module_preset=&#8221;default&#8221; global_colors_info=&#8221;{}&#8221;][et_pb_fullwidth_post_title meta=&#8221;off&#8221; featured_image=&#8221;off&#8221; _builder_version=&#8221;4.17.4&#8243; _module_preset=&#8221;default&#8221; title_font=&#8221;|600|||||||&#8221; title_text_color=&#8221;#FFFFFF&#8221; background_color=&#8221;#8300E9&#8243; custom_margin=&#8221;||||false|false&#8221; custom_padding=&#8221;170px||30px||false|false&#8221; global_colors_info=&#8221;{}&#8221;][\/et_pb_fullwidth_post_title][\/et_pb_section][et_pb_section fb_built=&#8221;1&#8243; _builder_version=&#8221;4.17.4&#8243; _module_preset=&#8221;default&#8221; custom_padding=&#8221;30px|||||&#8221; global_colors_info=&#8221;{}&#8221;][et_pb_row _builder_version=&#8221;4.17.4&#8243; _module_preset=&#8221;default&#8221; global_colors_info=&#8221;{}&#8221;][et_pb_column type=&#8221;4_4&#8243; _builder_version=&#8221;4.17.4&#8243; _module_preset=&#8221;default&#8221; global_colors_info=&#8221;{}&#8221;][et_pb_button button_text=&#8221;Kay\u0131t Formu&#8221; _builder_version=&#8221;4.17.4&#8243; _module_preset=&#8221;default&#8221; button_url=&#8221;https:\/\/docs.google.com\/forms\/d\/e\/1FAIpQLScw8A9YesUebo3bz1R7qD2aiRmID2QBWjr9BmJBJqnLotONCA\/viewform&#8221; url_new_window=&#8221;on&#8221; custom_button=&#8221;on&#8221; button_bg_color=&#8221;#633792&#8243; button_bg_enable_color=&#8221;on&#8221; button_text_color=&#8221;#FFFFFF&#8221; button_text_shadow_style=&#8221;preset1&#8243; box_shadow_style=&#8221;preset1&#8243; custom_padding=&#8221;10px|50px|10px|50px|false|false&#8221; hover_enabled=&#8221;0&#8243; sticky_enabled=&#8221;0&#8243; button_icon=&#8221;&#xf298;||fa||400&#8243; button_on_hover=&#8221;off&#8221;][\/et_pb_button][et_pb_text _builder_version=&#8221;4.17.4&#8243; _module_preset=&#8221;default&#8221; global_colors_info=&#8221;{}&#8221;]<\/p>\n<table width=\"100%\" class=\"genel\" id=\"tr\">\n<tbody>\n<tr>\n<td bgcolor=\"#F7EFFD\"><strong>Kay\u0131t tipi<\/strong><\/td>\n<td bgcolor=\"#F7EFFD\" style=\"text-align: center;\"><strong>KLiMUD<\/strong><br \/><strong>\u00dcye<\/strong><\/td>\n<td bgcolor=\"#F7EFFD\" style=\"text-align: center;\"><strong>KL\u0130MUD<\/strong><br \/><strong>\u00dcye olmayan<\/strong><\/td>\n<\/tr>\n<tr>\n<td><strong>Uzman<\/strong><\/td>\n<td style=\"text-align: center;\">7500 TL<\/td>\n<td style=\"text-align: center;\">9000 TL<\/td>\n<\/tr>\n<tr>\n<td><strong>Asistan<\/strong><\/td>\n<td style=\"text-align: center;\">6000 TL<\/td>\n<td style=\"text-align: center;\">7000 TL<\/td>\n<\/tr>\n<\/tbody>\n<\/table>\n<table width=\"100%\" class=\"genel\" id=\"en\" style=\"width: 100%;\">\n<tbody>\n<tr>\n<td bgcolor=\"#F7EFFD\" style=\"width: 41.5038%;\"><strong>Registration type<br \/><\/strong><\/td>\n<td bgcolor=\"#F7EFFD\" style=\"text-align: center; width: 57.4436%;\"><strong>KL\u0130MUD<br \/>Non-Members<\/strong><br \/><strong><\/strong><\/td>\n<\/tr>\n<tr>\n<td style=\"width: 41.5038%;\"><strong>Specialist<\/strong><\/td>\n<td style=\"text-align: center; width: 57.4436%;\">\u20ac250<\/td>\n<\/tr>\n<tr>\n<td style=\"width: 41.5038%;\"><strong>Young Scientist<\/strong><\/td>\n<td style=\"text-align: center; width: 57.4436%;\">\u20ac200<\/td>\n<\/tr>\n<tr>\n<td style=\"width: 41.5038%;\"><strong>LMIC<\/strong><\/td>\n<td style=\"text-align: center; width: 57.4436%;\">\u20ac150<\/td>\n<\/tr>\n<\/tbody>\n<\/table>\n<p><strong>GENEL KURALLAR<\/strong><br \/><strong>Kay\u0131t \u00dccreti;\u00a0<\/strong>Toplant\u0131lara kat\u0131l\u0131m, yaka kart\u0131, kat\u0131l\u0131m sertifikas\u0131, kahve molalar\u0131 ve \u00f6\u011fle yemeklerini kapsamaktad\u0131r. Dahil olunan sosyal programlar daha sonra duyurulacakt\u0131r.<br \/><strong>Vergiler;<\/strong>\u00a0 Kay\u0131t \u00fccretlerine KDV dahildir.<\/p>\n<p><strong>\u00d6demeler;<\/strong>\u00a0Kay\u0131t \u00fccreti dernek hesab\u0131na \u00f6denecektir.<\/p>\n<p><strong>Klinik Mikrobiyoloji Uzmanl\u0131k Derne\u011fi Hesap Numaras\u0131<\/strong><br \/><strong>Garanti Bankas\u0131<\/strong><br \/><strong>Hesap Ad\u0131\u00a0 :<\/strong> Klinik Mik.Uzm.Dern.\u0130ktisadi \u0130\u015fl.<br \/><strong>Banka\/\u015eube :<\/strong> Me\u015frutiyet \u015eubesi<br \/><strong>\u015eube Kodu\u00a0 :<\/strong> 528<br \/><strong>Hesap No\u00a0 :<\/strong> 6297989<br \/><strong>TL IBAN\u00a0 :<\/strong> TR94 0006 2000 5280 0006 2985 76<\/p>\n<p>&nbsp;<\/p>\n<p>[\/et_pb_text][\/et_pb_column][\/et_pb_row][\/et_pb_section]<\/p>\n","protected":false},"excerpt":{"rendered":"<p>Kay\u0131t tipi KLiMUD\u00dcye KL\u0130MUD\u00dcye olmayan Uzman 7500 TL 9000 TL Asistan 6000 TL 7000 TL Registration type KL\u0130MUDNon-Members Specialist \u20ac250 Young Scientist \u20ac200 LMIC \u20ac150 GENEL KURALLARKay\u0131t \u00dccreti;\u00a0Toplant\u0131lara kat\u0131l\u0131m, yaka kart\u0131, kat\u0131l\u0131m sertifikas\u0131, kahve molalar\u0131 ve \u00f6\u011fle yemeklerini kapsamaktad\u0131r. Dahil olunan sosyal programlar daha sonra duyurulacakt\u0131r.Vergiler;\u00a0 Kay\u0131t \u00fccretlerine KDV dahildir. \u00d6demeler;\u00a0Kay\u0131t \u00fccreti dernek hesab\u0131na \u00f6denecektir. [&hellip;]<\/p>\n","protected":false},"author":1,"featured_media":0,"parent":0,"menu_order":0,"comment_status":"closed","ping_status":"closed","template":"","meta":{"_et_pb_use_builder":"on","_et_pb_old_content":"","_et_gb_content_width":"","footnotes":""},"class_list":["post-59","page","type-page","status-publish","hentry"],"_links":{"self":[{"href":"https:\/\/aysek.org\/en\/wp-json\/wp\/v2\/pages\/59","targetHints":{"allow":["GET"]}}],"collection":[{"href":"https:\/\/aysek.org\/en\/wp-json\/wp\/v2\/pages"}],"about":[{"href":"https:\/\/aysek.org\/en\/wp-json\/wp\/v2\/types\/page"}],"author":[{"embeddable":true,"href":"https:\/\/aysek.org\/en\/wp-json\/wp\/v2\/users\/1"}],"replies":[{"embeddable":true,"href":"https:\/\/aysek.org\/en\/wp-json\/wp\/v2\/comments?post=59"}],"version-history":[{"count":12,"href":"https:\/\/aysek.org\/en\/wp-json\/wp\/v2\/pages\/59\/revisions"}],"predecessor-version":[{"id":183,"href":"https:\/\/aysek.org\/en\/wp-json\/wp\/v2\/pages\/59\/revisions\/183"}],"wp:attachment":[{"href":"https:\/\/aysek.org\/en\/wp-json\/wp\/v2\/media?parent=59"}],"curies":[{"name":"wp","href":"https:\/\/api.w.org\/{rel}","templated":true}]}}