{"id":61,"date":"2024-11-14T17:48:38","date_gmt":"2024-11-14T14:48:38","guid":{"rendered":"https:\/\/aysek.org\/?page_id=61"},"modified":"2025-03-10T11:49:17","modified_gmt":"2025-03-10T08:49:17","slug":"bildiri-gonderimi","status":"publish","type":"page","link":"https:\/\/aysek.org\/en\/bildiri-gonderimi\/","title":{"rendered":"Abstract Submission"},"content":{"rendered":"<p>[et_pb_section fb_built=&#8221;1&#8243; fullwidth=&#8221;on&#8221; _builder_version=&#8221;4.17.4&#8243; _module_preset=&#8221;default&#8221; global_colors_info=&#8221;{}&#8221;][et_pb_fullwidth_post_title meta=&#8221;off&#8221; featured_image=&#8221;off&#8221; _builder_version=&#8221;4.17.4&#8243; _module_preset=&#8221;default&#8221; title_font=&#8221;|600|||||||&#8221; title_text_color=&#8221;#FFFFFF&#8221; background_color=&#8221;#8300E9&#8243; custom_margin=&#8221;||||false|false&#8221; custom_padding=&#8221;170px||30px||false|false&#8221; global_colors_info=&#8221;{}&#8221;][\/et_pb_fullwidth_post_title][\/et_pb_section][et_pb_section fb_built=&#8221;1&#8243; _builder_version=&#8221;4.17.4&#8243; _module_preset=&#8221;default&#8221; custom_padding=&#8221;30px|||||&#8221; global_colors_info=&#8221;{}&#8221;][et_pb_row _builder_version=&#8221;4.17.4&#8243; _module_preset=&#8221;default&#8221; global_colors_info=&#8221;{}&#8221;][et_pb_column type=&#8221;4_4&#8243; _builder_version=&#8221;4.17.4&#8243; _module_preset=&#8221;default&#8221; global_colors_info=&#8221;{}&#8221;][et_pb_button button_url=&#8221;https:\/\/docs.google.com\/forms\/d\/1JbFctCGgt-5wWNQBe2VAlNa60cyuFWTA3u4FQajEQo8\/viewform?edit_requested=true&#8221; url_new_window=&#8221;on&#8221; button_text=&#8221;Bildiri G\u00f6nderim Formu&#8221; _builder_version=&#8221;4.17.4&#8243; _module_preset=&#8221;default&#8221; custom_button=&#8221;on&#8221; button_text_color=&#8221;#FFFFFF&#8221; button_bg_color=&#8221;#633792&#8243; button_on_hover=&#8221;off&#8221; custom_padding=&#8221;10px||10px|20px|false|false&#8221; hover_enabled=&#8221;0&#8243; box_shadow_style=&#8221;preset1&#8243; global_colors_info=&#8221;{}&#8221; sticky_enabled=&#8221;0&#8243; button_icon=&#8221;&#xf658;||fa||900&#8243;][\/et_pb_button][et_pb_text _builder_version=&#8221;4.17.4&#8243; _module_preset=&#8221;default&#8221; global_colors_info=&#8221;{}&#8221;]<\/p>\n<p><strong><span>Bildiri \u00d6zeti Yaz\u0131m Kurallar\u0131 Y\u00f6nergesi<\/span><\/strong><\/p>\n<p><strong><span>S\u00f6zl\u00fc ve Poster Bildiri \u00d6zeti G\u00f6nderim Kurallar\u0131<\/span><\/strong><\/p>\n<ul>\n<li><span>Bildiri \u00f6zeti (bildiri ba\u015fl\u0131\u011f\u0131 hari\u00e7) 350 kelimeyi ge\u00e7memelidir. (Bildiri g\u00f6nderiminde kaynak\u00e7a gerekmemektedir).<\/span><\/li>\n<li><span>Bildiri \u00f6zetleri tercihen T\u00fcrk\u00e7e ya da \u0130ngilizce g\u00f6nderilebilir.<\/span><\/li>\n<li><span>Bildiri \u00f6zetleri 12 punto Times New Roman karakterleri ile Word format\u0131nda yaz\u0131lmal\u0131d\u0131r.<\/span><\/li>\n<li><span>Bildiri ba\u015fl\u0131\u011f\u0131 \u00e7al\u0131\u015fma i\u00e7eri\u011fini tam olarak yans\u0131tmal\u0131d\u0131r.<\/span><\/li>\n<li><span>Bildiri yazarlar\u0131n\u0131n ad\u0131-soyad\u0131, \u00e7al\u0131\u015ft\u0131\u011f\u0131 kurum, \u015fehir ve ileti\u015fim adresleri belirtilmelidir.<\/span><\/li>\n<li><span>Bildiri \u00f6zetinin kabul edilmesi halinde bildiriyi sunmas\u0131 planlanan ki\u015fi, sistemde ilgili yerde i\u015faretlenmelidir.<\/span><\/li>\n<li><span>Bildiri \u00f6zetleri yap\u0131sal formatta olmal\u0131; \u201cGiri\u015f ve Ama\u00e7\u201d, \u201cGere\u00e7 ve Y\u00f6ntem\u201d, \u201cBulgular\u201d ve \u201cSonu\u00e7\u201d \u015feklinde olmal\u0131d\u0131r.<\/span><\/li>\n<li><span>En az 3 \u201cAnahtar Kelime\u201d belirtilmelidir.<\/span><\/li>\n<li><span>Her bildiride (kullan\u0131lmak istenirse) en fazla 3 foto\u011fraf dosyas\u0131 (JPEG ya da PNG) y\u00fcklenebilir, y\u00fcklenen foto\u011fraflar tablo ya da \u015fekil olabilir.<\/span><\/li>\n<li><span>\u00d6zet ba\u015fl\u0131\u011f\u0131n\u0131n sadece ilk harfi b\u00fcy\u00fck yaz\u0131lmal\u0131d\u0131r (k\u0131saltmalar istisnad\u0131r).<\/span><\/li>\n<li><span>\u00d6zet i\u00e7inde k\u0131saltma kullan\u0131lmas\u0131 halinde, k\u0131saltma a\u00e7\u0131k ad\u0131n ge\u00e7ti\u011fi ilk yerde parantez i\u00e7inde belirtilmelidir.<\/span><\/li>\n<\/ul>\n<p><span>Bildiriler, bilim kurulu taraf\u0131ndan blind review-gizli de\u011ferlendirme ile de\u011ferlendirilecektir. <\/span><\/p>\n<p><strong><span>Kabul Yaz\u0131s\u0131<\/span><\/strong><\/p>\n<p><span>Bildiri de\u011ferlendirme s\u00fcreci ard\u0131ndan kabul yaz\u0131lar\u0131 bildiri sahibinin kay\u0131tl\u0131 e-mail adresine g\u00f6nderilecektir. <\/span><\/p>\n<p><span>\u00a0<\/span><\/p>\n<p>[\/et_pb_text][\/et_pb_column][\/et_pb_row][\/et_pb_section]<\/p>\n","protected":false},"excerpt":{"rendered":"<p>Bildiri \u00d6zeti Yaz\u0131m Kurallar\u0131 Y\u00f6nergesi S\u00f6zl\u00fc ve Poster Bildiri \u00d6zeti G\u00f6nderim Kurallar\u0131 Bildiri \u00f6zeti (bildiri ba\u015fl\u0131\u011f\u0131 hari\u00e7) 350 kelimeyi ge\u00e7memelidir. (Bildiri g\u00f6nderiminde kaynak\u00e7a gerekmemektedir). Bildiri \u00f6zetleri tercihen T\u00fcrk\u00e7e ya da \u0130ngilizce g\u00f6nderilebilir. Bildiri \u00f6zetleri 12 punto Times New Roman karakterleri ile Word format\u0131nda yaz\u0131lmal\u0131d\u0131r. Bildiri ba\u015fl\u0131\u011f\u0131 \u00e7al\u0131\u015fma i\u00e7eri\u011fini tam olarak yans\u0131tmal\u0131d\u0131r. Bildiri yazarlar\u0131n\u0131n ad\u0131-soyad\u0131, \u00e7al\u0131\u015ft\u0131\u011f\u0131 [&hellip;]<\/p>\n","protected":false},"author":1,"featured_media":0,"parent":0,"menu_order":0,"comment_status":"closed","ping_status":"closed","template":"","meta":{"_et_pb_use_builder":"on","_et_pb_old_content":"","_et_gb_content_width":"","footnotes":""},"class_list":["post-61","page","type-page","status-publish","hentry"],"_links":{"self":[{"href":"https:\/\/aysek.org\/en\/wp-json\/wp\/v2\/pages\/61","targetHints":{"allow":["GET"]}}],"collection":[{"href":"https:\/\/aysek.org\/en\/wp-json\/wp\/v2\/pages"}],"about":[{"href":"https:\/\/aysek.org\/en\/wp-json\/wp\/v2\/types\/page"}],"author":[{"embeddable":true,"href":"https:\/\/aysek.org\/en\/wp-json\/wp\/v2\/users\/1"}],"replies":[{"embeddable":true,"href":"https:\/\/aysek.org\/en\/wp-json\/wp\/v2\/comments?post=61"}],"version-history":[{"count":5,"href":"https:\/\/aysek.org\/en\/wp-json\/wp\/v2\/pages\/61\/revisions"}],"predecessor-version":[{"id":188,"href":"https:\/\/aysek.org\/en\/wp-json\/wp\/v2\/pages\/61\/revisions\/188"}],"wp:attachment":[{"href":"https:\/\/aysek.org\/en\/wp-json\/wp\/v2\/media?parent=61"}],"curies":[{"name":"wp","href":"https:\/\/api.w.org\/{rel}","templated":true}]}}