{"id":63,"date":"2024-11-14T17:48:54","date_gmt":"2024-11-14T14:48:54","guid":{"rendered":"https:\/\/aysek.org\/?page_id=63"},"modified":"2025-04-11T12:58:12","modified_gmt":"2025-04-11T09:58:12","slug":"iletisim","status":"publish","type":"page","link":"https:\/\/aysek.org\/en\/iletisim\/","title":{"rendered":"Contact"},"content":{"rendered":"<p>[et_pb_section fb_built=&#8221;1&#8243; fullwidth=&#8221;on&#8221; _builder_version=&#8221;4.17.4&#8243; _module_preset=&#8221;default&#8221; global_colors_info=&#8221;{}&#8221;][et_pb_fullwidth_post_title meta=&#8221;off&#8221; featured_image=&#8221;off&#8221; _builder_version=&#8221;4.17.4&#8243; _module_preset=&#8221;default&#8221; title_font=&#8221;|600|||||||&#8221; title_text_color=&#8221;#FFFFFF&#8221; background_color=&#8221;#8300E9&#8243; custom_margin=&#8221;||||false|false&#8221; custom_padding=&#8221;170px||30px||false|false&#8221; global_colors_info=&#8221;{}&#8221;][\/et_pb_fullwidth_post_title][\/et_pb_section][et_pb_section fb_built=&#8221;1&#8243; _builder_version=&#8221;4.17.4&#8243; _module_preset=&#8221;default&#8221; custom_padding=&#8221;30px|||||&#8221; global_colors_info=&#8221;{}&#8221;][et_pb_row _builder_version=&#8221;4.17.4&#8243; _module_preset=&#8221;default&#8221; global_colors_info=&#8221;{}&#8221;][et_pb_column type=&#8221;4_4&#8243; _builder_version=&#8221;4.17.4&#8243; _module_preset=&#8221;default&#8221; global_colors_info=&#8221;{}&#8221;][et_pb_text _builder_version=&#8221;4.17.4&#8243; _module_preset=&#8221;default&#8221; global_colors_info=&#8221;{}&#8221;]<\/p>\n<p><strong>B\u0130L\u0130MSEL ve ORGAN\u0130ZASYON SEKRETERYASI\u00a0 <\/strong><br \/><img loading=\"lazy\" decoding=\"async\" src=\"https:\/\/aysek.org\/wp-content\/uploads\/2024\/11\/transparan-logo-klimud-673247331684e-999998.png\" width=\"112\" height=\"112\" alt=\"\" class=\"wp-image-94 size-full\" srcset=\"https:\/\/aysek.org\/wp-content\/uploads\/2024\/11\/transparan-logo-klimud-673247331684e-999998.png 400w, https:\/\/aysek.org\/wp-content\/uploads\/2024\/11\/transparan-logo-klimud-673247331684e-999998-300x300.png 300w, https:\/\/aysek.org\/wp-content\/uploads\/2024\/11\/transparan-logo-klimud-673247331684e-999998-150x150.png 150w, https:\/\/aysek.org\/wp-content\/uploads\/2024\/11\/transparan-logo-klimud-673247331684e-999998-12x12.png 12w\" sizes=\"auto, (max-width: 112px) 100vw, 112px\" \/><br \/><strong>KL\u0130MUD (Klinik Mikrobiyoloji Uzmanl\u0131k Derne\u011fi)<\/strong><br \/>Me\u015frutiyet cad. K\u00fclt\u00fcr Apt. No:38\/15 Kat:7<br \/>K\u0131z\u0131lay \/ ANKARA \/ T\u00dcRK\u0130YE<br \/>+90 530 693 86 67<br \/><a href=\"mailto:klimud@gmail.com\">klimud@gmail.com<\/a><\/p>\n<p>[\/et_pb_text][\/et_pb_column][\/et_pb_row][\/et_pb_section]<\/p>\n","protected":false},"excerpt":{"rendered":"<p>B\u0130L\u0130MSEL ve ORGAN\u0130ZASYON SEKRETERYASI\u00a0 KL\u0130MUD (Klinik Mikrobiyoloji Uzmanl\u0131k Derne\u011fi)Me\u015frutiyet cad. K\u00fclt\u00fcr Apt. No:38\/15 Kat:7K\u0131z\u0131lay \/ ANKARA \/ T\u00dcRK\u0130YE+90 530 693 86 67klimud@gmail.com<\/p>","protected":false},"author":1,"featured_media":0,"parent":0,"menu_order":0,"comment_status":"closed","ping_status":"closed","template":"","meta":{"_et_pb_use_builder":"on","_et_pb_old_content":"","_et_gb_content_width":"","footnotes":""},"class_list":["post-63","page","type-page","status-publish","hentry"],"_links":{"self":[{"href":"https:\/\/aysek.org\/en\/wp-json\/wp\/v2\/pages\/63","targetHints":{"allow":["GET"]}}],"collection":[{"href":"https:\/\/aysek.org\/en\/wp-json\/wp\/v2\/pages"}],"about":[{"href":"https:\/\/aysek.org\/en\/wp-json\/wp\/v2\/types\/page"}],"author":[{"embeddable":true,"href":"https:\/\/aysek.org\/en\/wp-json\/wp\/v2\/users\/1"}],"replies":[{"embeddable":true,"href":"https:\/\/aysek.org\/en\/wp-json\/wp\/v2\/comments?post=63"}],"version-history":[{"count":5,"href":"https:\/\/aysek.org\/en\/wp-json\/wp\/v2\/pages\/63\/revisions"}],"predecessor-version":[{"id":198,"href":"https:\/\/aysek.org\/en\/wp-json\/wp\/v2\/pages\/63\/revisions\/198"}],"wp:attachment":[{"href":"https:\/\/aysek.org\/en\/wp-json\/wp\/v2\/media?parent=63"}],"curies":[{"name":"wp","href":"https:\/\/api.w.org\/{rel}","templated":true}]}}