{"id":88,"date":"2024-11-22T17:02:45","date_gmt":"2024-11-22T14:02:45","guid":{"rendered":"https:\/\/aysek.org\/?page_id=88"},"modified":"2025-04-25T12:20:41","modified_gmt":"2025-04-25T09:20:41","slug":"genel-bilgiler","status":"publish","type":"page","link":"https:\/\/aysek.org\/en\/genel-bilgiler\/","title":{"rendered":"General Information"},"content":{"rendered":"<p>[et_pb_section fb_built=&#8221;1&#8243; fullwidth=&#8221;on&#8221; _builder_version=&#8221;4.17.4&#8243; _module_preset=&#8221;default&#8221; global_colors_info=&#8221;{}&#8221;][et_pb_fullwidth_post_title meta=&#8221;off&#8221; featured_image=&#8221;off&#8221; _builder_version=&#8221;4.17.4&#8243; _module_preset=&#8221;default&#8221; title_font=&#8221;|600|||||||&#8221; title_text_color=&#8221;#FFFFFF&#8221; background_color=&#8221;#8300E9&#8243; custom_margin=&#8221;||||false|false&#8221; custom_padding=&#8221;170px||30px||false|false&#8221; global_colors_info=&#8221;{}&#8221;][\/et_pb_fullwidth_post_title][\/et_pb_section][et_pb_section fb_built=&#8221;1&#8243; _builder_version=&#8221;4.17.4&#8243; _module_preset=&#8221;default&#8221; custom_padding=&#8221;30px|||||&#8221; global_colors_info=&#8221;{}&#8221;][et_pb_row _builder_version=&#8221;4.17.4&#8243; _module_preset=&#8221;default&#8221; global_colors_info=&#8221;{}&#8221;][et_pb_column type=&#8221;4_4&#8243; _builder_version=&#8221;4.17.4&#8243; _module_preset=&#8221;default&#8221; global_colors_info=&#8221;{}&#8221;][et_pb_text _builder_version=&#8221;4.17.4&#8243; _module_preset=&#8221;default&#8221; hover_enabled=&#8221;0&#8243; global_colors_info=&#8221;{}&#8221; sticky_enabled=&#8221;0&#8243;]<\/p>\n<p><strong><em>Antimikrobiyal Y\u00f6netim Sempozyumu &amp; Sa\u011fl\u0131k Hizmeti \u0130li\u015fkili Enfeksiyonlar\u0131n \u00d6nlenmesi ve Kontrol\u00fc \u00c7al\u0131\u015ftay\u0131<\/em><\/strong><\/p>\n<p><strong>Sempozyum ve \u00c7al\u0131\u015ftay\u0131n K\u0131sa Tan\u0131m\u0131:<\/strong><br \/>Klinik Mikrobiyoloji Uzmanl\u0131k Derne\u011fi&#8217;nin (KL\u0130MUD) Antimikrobiyal Y\u00f6netim ve Sa\u011fl\u0131k Hizmeti \u0130li\u015fkili Enfeksiyonlar\u0131n Kontrol\u00fc \u00c7al\u0131\u015fma Grubu (AYSEK \u00c7G) ile Avrupa Klinik Mikrobiyoloji ve Enfeksiyon Hastal\u0131klar\u0131 Derne\u011fi\u2019nin (ESCMID) Antimikrobiyal Y\u00f6netim \u00c7al\u0131\u015fma Grubu (ESGAP) i\u015f birli\u011fiyle d\u00fczenlenecek olan <em>I. Antimikrobiyal Y\u00f6netim Sempozyumu &amp; Sa\u011fl\u0131k Hizmeti \u0130li\u015fkili Enfeksiyonlar\u0131n \u00d6nlenmesi ve Kontrol\u00fc \u00c7al\u0131\u015ftay\u0131<\/em>, hastane ve toplum ortamlar\u0131nda enfeksiyon kontrol\u00fc ve antimikrobiyal y\u00f6netim (AMY) hakk\u0131nda kapsaml\u0131 bir e\u011fitim sunmay\u0131 ama\u00e7lamaktad\u0131r. \u00dc\u00e7 g\u00fcn s\u00fcrecek sempozyum ve \u00e7al\u0131\u015ftayda geleneksel ve h\u0131zl\u0131 tan\u0131 y\u00f6ntemleri, eczac\u0131lar\u0131n rol\u00fc, molek\u00fcler epidemiyoloji, antimikrobiyal y\u00f6netimin yasal boyutlar\u0131 ve enfeksiyon kontrol stratejileri konular\u0131nda uzmanlar taraf\u0131ndan sunumlar yap\u0131lacakt\u0131r. Vaka sunumlar\u0131 gibi interaktif b\u00f6l\u00fcmler, teorik bilgiyi tamamlayacakt\u0131r. Bu sempozyum ve \u00e7al\u0131\u015ftay, kat\u0131l\u0131mc\u0131lar\u0131n etkin antimikrobiyal y\u00f6netim programlar\u0131n\u0131 uygulama becerilerini geli\u015ftirmeyi ve g\u00fcncel tan\u0131mlama y\u00f6ntemleri ile enfeksiyon kontrol uygulamalar\u0131ndaki en son geli\u015fmeleri anlamalar\u0131n\u0131 sa\u011flamay\u0131 hedeflemektedir.<\/p>\n<p><strong>\u00d6\u011frenme Hedefleri:<\/strong><\/p>\n<ul>\n<li>Mikrobiyolojide geleneksel ve h\u0131zl\u0131 tan\u0131 y\u00f6ntemlerinin rol\u00fcn\u00fc ve \u00f6nemini anlamak.<\/li>\n<li>Antimikrobiyal y\u00f6netimde k\u00fcm\u00fclatif antibiyogramlar\u0131n \u00f6nemini ke\u015ffetmek.<\/li>\n<li>AMY&#8217;de eczac\u0131lar\u0131n ve enfeksiyon hastal\u0131klar\u0131 uzmanlar\u0131n\u0131n katk\u0131lar\u0131n\u0131 kavramak.<\/li>\n<li>Karma\u015f\u0131k antibiyogramlar\u0131 ve klinik e\u015fik de\u011ferleri yorumlamak.<\/li>\n<li>Hastane ortamlar\u0131nda AMY programlar\u0131n\u0131n geli\u015ftirilmesi ve uygulanmas\u0131 hakk\u0131nda bilgi edinmek.<\/li>\n<li>Farkl\u0131 \u00fclkelerdeki ba\u015far\u0131l\u0131 AMY i\u015f birliklerini ve programlar\u0131n\u0131 \u00f6\u011frenmek.<\/li>\n<li>AMY&#8217;nin yasal sorumluluklar\u0131n\u0131 ve boyutlar\u0131n\u0131 anlamak.<\/li>\n<li>Etkili el hijyeni m\u00fcdahalelerini ve bunlar\u0131n hastanelerde uygulanmas\u0131n\u0131 incelemek.<\/li>\n<li>AMY programlar\u0131nda s\u00fcrd\u00fcr\u00fclebilir davran\u0131\u015f de\u011fi\u015fikli\u011fi ilkelerini analiz etmek.<\/li>\n<li>Enfeksiyon kontrol\u00fcnde aktif g\u00f6zetimin ve AMY&#8217;nin \u00f6nemini anlamak.<\/li>\n<li>AMY ve enfeksiyon kontrol\u00fc modellerini etkili bir \u015fekilde planlamak ve kaynak sa\u011flamak.<\/li>\n<\/ul>\n<p><strong>Hedef Kitle:<\/strong><br \/>Bu sempozyum ve \u00e7al\u0131\u015ftay, t\u0131bbi mikrobiyoloji, enfeksiyon hastal\u0131klar\u0131 ve antimikrobiyal y\u00f6netim ile ilgilenen a\u015fa\u011f\u0131daki sa\u011fl\u0131k profesyonellerine y\u00f6neliktir:<\/p>\n<ul>\n<li>T\u0131bbi mikrobiyoloji uzmanlar\u0131<\/li>\n<li>Enfeksiyon hastal\u0131klar\u0131 ve klinik mikrobiyoloji uzmanlar\u0131<\/li>\n<li>Eczac\u0131lar<\/li>\n<li>Enfeksiyon kontrol\u00fcnde g\u00f6revi olan uzmanlar<\/li>\n<li>T\u0131p e\u011fiticileri<\/li>\n<li>Enfeksiyon kontrol\u00fc ve antimikrobiyal y\u00f6netim konusunda bilgi ve becerilerini geli\u015ftirmek isteyen t\u00fcm sa\u011fl\u0131k profesyonelleri<\/li>\n<\/ul>\n<p><strong>Sempozyum &amp; \u00c7al\u0131\u015ftay Tarihleri<\/strong><br \/>28 \u2013 30 May\u0131s 2025<\/p>\n<p><strong>Yer<\/strong><\/p>\n<p><strong>28-29 May\u0131s 2025<\/strong><br \/>Gaziantep Kent Konseyi<br \/>Bayazhan <br \/>Akyol Mah. Atat\u00fcrk Blv. No:119 D:1, 27010 \u015eahinbey\/Gaziantep<\/p>\n<p><strong>30 May\u0131s 2025<\/strong><br \/>Gaziantep \u015eehir Hastanesi<br \/>Konferans Salonu<br \/>\u0130bn-i Sina Mahallesi, 27470 \u015eahinbey \/ Gaziantep<\/p>\n<p><strong>Yaka Kartlar\u0131<\/strong><br \/>Toplant\u0131lara\u00a0 giri\u015f esnas\u0131nda t\u00fcm kat\u0131l\u0131mc\u0131lar\u0131n\u00a0 yaka kartlar\u0131n\u0131 her zaman takmalar\u0131 rica olunur.<\/p>\n<p><strong>Dil<\/strong><br \/>\u00c7al\u0131\u015ftay &amp; sempozyum resmi dili \u0130ngilizce&#8217;dir.<\/p>\n<p>\u00c7eviri sa\u011flanmayacakt\u0131r.<\/p>\n<p><strong>Kat\u0131l\u0131m Sertifikas\u0131<\/strong><br \/>\u00c7al\u0131\u015ftay &amp; sempozyum sonras\u0131 anketi ba\u015far\u0131yla tamamlad\u0131ktan sonra taraf\u0131n\u0131za kat\u0131l\u0131m sertifikas\u0131 g\u00f6nderilecektir.<\/p>\n<p><strong>Davet Mektubu \/ \u0130zin Yaz\u0131s\u0131<\/strong><br \/>Sempozyum ve \u00e7al\u0131\u015ftay kat\u0131l\u0131m\u0131 i\u00e7in kurumlara verilmek \u00fczere talep edilecek olan davet yaz\u0131lar\u0131 kongre sekreterli\u011fi arac\u0131l\u0131\u011f\u0131 ile isteyen kat\u0131l\u0131mc\u0131lara g\u00f6nderilecektir. Bu t\u00fcr davet yaz\u0131lar\u0131 sadece izin amac\u0131 ile kullan\u0131labilir.<\/p>\n<p>[\/et_pb_text][\/et_pb_column][\/et_pb_row][\/et_pb_section]<\/p>\n","protected":false},"excerpt":{"rendered":"<p>Antimikrobiyal Y\u00f6netim Sempozyumu &amp; Sa\u011fl\u0131k Hizmeti \u0130li\u015fkili Enfeksiyonlar\u0131n \u00d6nlenmesi ve Kontrol\u00fc \u00c7al\u0131\u015ftay\u0131 Sempozyum ve \u00c7al\u0131\u015ftay\u0131n K\u0131sa Tan\u0131m\u0131:Klinik Mikrobiyoloji Uzmanl\u0131k Derne\u011fi&#8217;nin (KL\u0130MUD) Antimikrobiyal Y\u00f6netim ve Sa\u011fl\u0131k Hizmeti \u0130li\u015fkili Enfeksiyonlar\u0131n Kontrol\u00fc \u00c7al\u0131\u015fma Grubu (AYSEK \u00c7G) ile Avrupa Klinik Mikrobiyoloji ve Enfeksiyon Hastal\u0131klar\u0131 Derne\u011fi\u2019nin (ESCMID) Antimikrobiyal Y\u00f6netim \u00c7al\u0131\u015fma Grubu (ESGAP) i\u015f birli\u011fiyle d\u00fczenlenecek olan I. Antimikrobiyal Y\u00f6netim Sempozyumu [&hellip;]<\/p>\n","protected":false},"author":1,"featured_media":0,"parent":0,"menu_order":0,"comment_status":"closed","ping_status":"closed","template":"","meta":{"_et_pb_use_builder":"on","_et_pb_old_content":"","_et_gb_content_width":"","footnotes":""},"class_list":["post-88","page","type-page","status-publish","hentry"],"_links":{"self":[{"href":"https:\/\/aysek.org\/en\/wp-json\/wp\/v2\/pages\/88","targetHints":{"allow":["GET"]}}],"collection":[{"href":"https:\/\/aysek.org\/en\/wp-json\/wp\/v2\/pages"}],"about":[{"href":"https:\/\/aysek.org\/en\/wp-json\/wp\/v2\/types\/page"}],"author":[{"embeddable":true,"href":"https:\/\/aysek.org\/en\/wp-json\/wp\/v2\/users\/1"}],"replies":[{"embeddable":true,"href":"https:\/\/aysek.org\/en\/wp-json\/wp\/v2\/comments?post=88"}],"version-history":[{"count":6,"href":"https:\/\/aysek.org\/en\/wp-json\/wp\/v2\/pages\/88\/revisions"}],"predecessor-version":[{"id":204,"href":"https:\/\/aysek.org\/en\/wp-json\/wp\/v2\/pages\/88\/revisions\/204"}],"wp:attachment":[{"href":"https:\/\/aysek.org\/en\/wp-json\/wp\/v2\/media?parent=88"}],"curies":[{"name":"wp","href":"https:\/\/api.w.org\/{rel}","templated":true}]}}